{"id":5,"date":"2022-11-14T14:16:04","date_gmt":"2022-11-14T14:16:04","guid":{"rendered":"https:\/\/www.solar-generator.tech\/?page_id=5"},"modified":"2022-11-26T13:57:49","modified_gmt":"2022-11-26T13:57:49","slug":"la-reference-sur-le-generateur-solaire","status":"publish","type":"page","link":"https:\/\/www.solar-generator.tech\/fr\/","title":{"rendered":"La r\u00e9f\u00e9rence sur le g\u00e9n\u00e9rateur solaire"},"content":{"rendered":"\n<div class=\"wp-block-columns is-layout-flex wp-container-core-columns-is-layout-9d6595d7 wp-block-columns-is-layout-flex\">\n<div class=\"wp-block-column is-layout-flow wp-block-column-is-layout-flow\" style=\"flex-basis:100%\">\n<p>Un g\u00e9n\u00e9rateur solaire fournit une alimentation de secours pour votre maison, votre camping-car ou votre caravane, ou bien vous permet de travailler sans avoir un acc\u00e8s direct \u00e0 l&rsquo;\u00e9lectricit\u00e9.&nbsp;<\/p>\n\n\n\n<p>Si vous pr\u00e9voyez d&rsquo;utiliser un g\u00e9n\u00e9rateur solaire comme alimentation \u00e9lectrique, assurez-vous d&rsquo;apprendre \u00e0 choisir le bon, adapt\u00e9 pour vos besoins. C&rsquo;est la raison d&rsquo;\u00eatre de ce site.<\/p>\n\n\n\n<h2 class=\"wp-block-heading\">Qu&rsquo;est ce qu&rsquo;un g\u00e9n\u00e9rateur solaire ?<\/h2>\n\n\n\n<p>Le g\u00e9n\u00e9rateur solaire, ou un groupe \u00e9lectrog\u00e8ne solaire, est un concentr\u00e9 de technologie pour pouvoir stocker l&rsquo;\u00e9lectricit\u00e9 afin de la r\u00e9utiliser imm\u00e9diatement ou ult\u00e9rieurement. Il contient donc un moyen de charger la batterie incluse, et un second pour utiliser cette \u00e9nergie. Les mod\u00e8les les plus \u00e9volu\u00e9s fournissent des prises \u00e9lectriques standardes, mais \u00e9galement des ports USB et allume-cigare. Pour les mod\u00e8les haut-de-gamme, une possibilit\u00e9 de recharge sans fil est pr\u00e9sente pour t\u00e9l\u00e9phone et tablette compatible.<\/p>\n\n\n\n<h2 class=\"wp-block-heading\">Dans ce cas, c&rsquo;est un simple onduleur ?<\/h2>\n\n\n\n<p>Oui, et non !<\/p>\n\n\n\n<p>La fabrication d&rsquo;un groupe \u00e9lectrog\u00e8ne solaire est possible en achetant et branchant ensemble les diff\u00e9rents composants. Il vous faudra alors un onduleur, une batterie, un chargeur MPPT, mais \u00e9galement tout le cablage associ\u00e9. L&rsquo;avantage du g\u00e9n\u00e9rateur solaire est donc de combiner tous ces \u00e9l\u00e9ments en un seul, tout en ayant un support et une garantie fournis par le constructeur. Cela permet \u00e9galement une installation bien plus ais\u00e9e : c&rsquo;est du plug-and-play.<\/p>\n\n\n\n<h2 class=\"wp-block-heading\">Comment recharger un g\u00e9n\u00e9rateur solaire ?<\/h2>\n\n\n\n<p>Il est important de se rappeler qu&rsquo;une batterie solaire est limit\u00e9e en capacit\u00e9 \u00e9lectrique et que le temps de recharge est relativement long.\u00a0Vu qu&rsquo;il permet de stocker une certaine quantit\u00e9 d&rsquo;\u00e9nergie, un rechargement en utilisant un port USB ou un chargeur allume-cigare ne permet pas de le recharger. En effet, le temps de recharge se compterai alors en jours, voire en mois. <\/p>\n\n\n\n<figure class=\"wp-block-image size-large is-style-default\"><img loading=\"lazy\" decoding=\"async\" width=\"1024\" height=\"640\" src=\"https:\/\/www.solar-generator.tech\/wp-content\/uploads\/2022\/11\/jackery-power-station-7-1024x640.jpg\" alt=\"Recharger un g\u00e9n\u00e9rateur solaire n'importe o\u00f9 avec un panneau photovolta\u00efque\" class=\"wp-image-114\" srcset=\"https:\/\/www.solar-generator.tech\/wp-content\/uploads\/2022\/11\/jackery-power-station-7-1024x640.jpg 1024w, https:\/\/www.solar-generator.tech\/wp-content\/uploads\/2022\/11\/jackery-power-station-7-300x188.jpg 300w, https:\/\/www.solar-generator.tech\/wp-content\/uploads\/2022\/11\/jackery-power-station-7-768x480.jpg 768w, https:\/\/www.solar-generator.tech\/wp-content\/uploads\/2022\/11\/jackery-power-station-7-1536x960.jpg 1536w, https:\/\/www.solar-generator.tech\/wp-content\/uploads\/2022\/11\/jackery-power-station-7-2048x1280.jpg 2048w, https:\/\/www.solar-generator.tech\/wp-content\/uploads\/2022\/11\/jackery-power-station-7-18x12.jpg 18w\" sizes=\"auto, (max-width: 1024px) 100vw, 1024px\" \/><figcaption class=\"wp-element-caption\">Recharger un g\u00e9n\u00e9rateur solaire n&rsquo;importe o\u00f9 avec un panneau photovolta\u00efque<\/figcaption><\/figure>\n\n\n\n<p>Les seules m\u00e9thodes coh\u00e9rentes pour faire la recharge d&rsquo;un g\u00e9n\u00e9rateur solaire est donc : <\/p>\n\n\n\n<ul class=\"wp-block-list\">\n<li>d&rsquo;utiliser soit un ou plusieurs panneaux solaires. C&rsquo;est la m\u00e9thode la plus g\u00e9n\u00e9ralement utilis\u00e9 hors r\u00e9seau. Elle permet d&rsquo;avoir acc\u00e8s \u00e0 l&rsquo;\u00e9nergie \u00e9lectrique directement, de n&rsquo;importe o\u00f9, en branchant simplement vos \u00e9quipements sur le g\u00e9n\u00e9rateur solaire.<\/li>\n\n\n\n<li>soit de brancher le g\u00e9n\u00e9rateur solaire sur le secteur pour b\u00e9n\u00e9ficier de l&rsquo;alimentation du r\u00e9seau \u00e9lectrique. Ici, il vous servira alors de batterie (trans)portable afin d&rsquo;utiliser vos outils dans un lieu o\u00f9 l&rsquo;\u00e9lectricit\u00e9 n&rsquo;est pas disponible ais\u00e9ment.<\/li>\n<\/ul>\n<\/div>\n<\/div>\n","protected":false},"excerpt":{"rendered":"<p>Un g\u00e9n\u00e9rateur solaire fournit une alimentation de secours pour votre maison, votre camping-car ou votre caravane, ou bien vous permet de travailler sans avoir un acc\u00e8s direct \u00e0 l&rsquo;\u00e9lectricit\u00e9.&nbsp; Si vous pr\u00e9voyez d&rsquo;utiliser un g\u00e9n\u00e9rateur solaire comme alimentation \u00e9lectrique, assurez-vous d&rsquo;apprendre \u00e0 choisir le bon, adapt\u00e9 pour vos besoins. C&rsquo;est la raison d&rsquo;\u00eatre de ce &#8230; <a title=\"La r\u00e9f\u00e9rence sur le g\u00e9n\u00e9rateur solaire\" class=\"read-more\" href=\"https:\/\/www.solar-generator.tech\/fr\/\" aria-label=\"En savoir plus sur La r\u00e9f\u00e9rence sur le g\u00e9n\u00e9rateur solaire\">Lire la suite<\/a><\/p>\n","protected":false},"author":3,"featured_media":0,"parent":0,"menu_order":0,"comment_status":"closed","ping_status":"closed","template":"","meta":{"footnotes":""},"class_list":["post-5","page","type-page","status-publish"],"yoast_head":"<!-- This site is optimized with the Yoast SEO plugin v23.4 - https:\/\/yoast.com\/wordpress\/plugins\/seo\/ -->\n<title>La r\u00e9f\u00e9rence sur le g\u00e9n\u00e9rateur solaire - Solar Generator<\/title>\n<meta name=\"description\" content=\"Si vous pr\u00e9voyez d&#039;utiliser un g\u00e9n\u00e9rateur solaire, assurez-vous d&#039;apprendre \u00e0 en choisir un adapt\u00e9 \u00e0 vos besoins\" \/>\n<meta name=\"robots\" content=\"index, follow, max-snippet:-1, max-image-preview:large, max-video-preview:-1\" \/>\n<link rel=\"canonical\" href=\"https:\/\/www.solar-generator.tech\/fr\/\" \/>\n<meta property=\"og:locale\" content=\"fr_FR\" \/>\n<meta property=\"og:type\" content=\"article\" \/>\n<meta property=\"og:title\" content=\"La r\u00e9f\u00e9rence sur le g\u00e9n\u00e9rateur solaire - Solar Generator\" \/>\n<meta property=\"og:description\" content=\"Si vous pr\u00e9voyez d&#039;utiliser un g\u00e9n\u00e9rateur solaire, assurez-vous d&#039;apprendre \u00e0 en choisir un adapt\u00e9 \u00e0 vos besoins\" \/>\n<meta property=\"og:url\" content=\"https:\/\/www.solar-generator.tech\/fr\/\" \/>\n<meta property=\"og:site_name\" content=\"Solar Generator\" \/>\n<meta property=\"article:modified_time\" content=\"2022-11-26T13:57:49+00:00\" \/>\n<meta property=\"og:image\" content=\"https:\/\/www.solar-generator.tech\/wp-content\/uploads\/2022\/11\/jackery-power-station-7-1024x640.jpg\" \/>\n<meta name=\"twitter:card\" content=\"summary_large_image\" \/>\n<meta name=\"twitter:label1\" content=\"Dur\u00e9e de lecture estim\u00e9e\" \/>\n\t<meta name=\"twitter:data1\" content=\"3 minutes\" \/>\n<script type=\"application\/ld+json\" class=\"yoast-schema-graph\">{\"@context\":\"https:\/\/schema.org\",\"@graph\":[{\"@type\":\"WebPage\",\"@id\":\"https:\/\/www.solar-generator.tech\/\",\"url\":\"https:\/\/www.solar-generator.tech\/\",\"name\":\"La r\u00e9f\u00e9rence sur le g\u00e9n\u00e9rateur solaire - Solar Generator\",\"isPartOf\":{\"@id\":\"http:\/\/www.solar-generator.tech\/fr\/#website\"},\"primaryImageOfPage\":{\"@id\":\"https:\/\/www.solar-generator.tech\/#primaryimage\"},\"image\":{\"@id\":\"https:\/\/www.solar-generator.tech\/#primaryimage\"},\"thumbnailUrl\":\"https:\/\/www.solar-generator.tech\/wp-content\/uploads\/2022\/11\/jackery-power-station-7-1024x640.jpg\",\"datePublished\":\"2022-11-14T14:16:04+00:00\",\"dateModified\":\"2022-11-26T13:57:49+00:00\",\"description\":\"Si vous pr\u00e9voyez d'utiliser un g\u00e9n\u00e9rateur solaire, assurez-vous d'apprendre \u00e0 en choisir un adapt\u00e9 \u00e0 vos besoins\",\"breadcrumb\":{\"@id\":\"https:\/\/www.solar-generator.tech\/#breadcrumb\"},\"inLanguage\":\"fr-FR\",\"potentialAction\":[{\"@type\":\"ReadAction\",\"target\":[\"https:\/\/www.solar-generator.tech\/\"]}]},{\"@type\":\"ImageObject\",\"inLanguage\":\"fr-FR\",\"@id\":\"https:\/\/www.solar-generator.tech\/#primaryimage\",\"url\":\"https:\/\/www.solar-generator.tech\/wp-content\/uploads\/2022\/11\/jackery-power-station-7-1024x640.jpg\",\"contentUrl\":\"https:\/\/www.solar-generator.tech\/wp-content\/uploads\/2022\/11\/jackery-power-station-7-1024x640.jpg\"},{\"@type\":\"BreadcrumbList\",\"@id\":\"https:\/\/www.solar-generator.tech\/#breadcrumb\",\"itemListElement\":[{\"@type\":\"ListItem\",\"position\":1,\"name\":\"Accueil\",\"item\":\"https:\/\/www.solar-generator.tech\/\"},{\"@type\":\"ListItem\",\"position\":2,\"name\":\"La r\u00e9f\u00e9rence sur le g\u00e9n\u00e9rateur solaire\"}]},{\"@type\":\"WebSite\",\"@id\":\"http:\/\/www.solar-generator.tech\/fr\/#website\",\"url\":\"http:\/\/www.solar-generator.tech\/fr\/\",\"name\":\"Solar Generator\",\"description\":\"La r\u00e9f\u00e9rence sur le g\u00e9n\u00e9rateur solaire\",\"publisher\":{\"@id\":\"http:\/\/www.solar-generator.tech\/fr\/#organization\"},\"potentialAction\":[{\"@type\":\"SearchAction\",\"target\":{\"@type\":\"EntryPoint\",\"urlTemplate\":\"http:\/\/www.solar-generator.tech\/fr\/?s={search_term_string}\"},\"query-input\":{\"@type\":\"PropertyValueSpecification\",\"valueRequired\":true,\"valueName\":\"search_term_string\"}}],\"inLanguage\":\"fr-FR\"},{\"@type\":\"Organization\",\"@id\":\"http:\/\/www.solar-generator.tech\/fr\/#organization\",\"name\":\"Solar Generator\",\"url\":\"http:\/\/www.solar-generator.tech\/fr\/\",\"logo\":{\"@type\":\"ImageObject\",\"inLanguage\":\"fr-FR\",\"@id\":\"http:\/\/www.solar-generator.tech\/fr\/#\/schema\/logo\/image\/\",\"url\":\"https:\/\/www.solar-generator.tech\/wp-content\/uploads\/2022\/11\/favicon-1.png\",\"contentUrl\":\"https:\/\/www.solar-generator.tech\/wp-content\/uploads\/2022\/11\/favicon-1.png\",\"width\":81,\"height\":81,\"caption\":\"Solar Generator\"},\"image\":{\"@id\":\"http:\/\/www.solar-generator.tech\/fr\/#\/schema\/logo\/image\/\"}}]}<\/script>\n<!-- \/ Yoast SEO plugin. -->","yoast_head_json":{"title":"La r\u00e9f\u00e9rence sur le g\u00e9n\u00e9rateur solaire - Solar Generator","description":"Si vous pr\u00e9voyez d'utiliser un g\u00e9n\u00e9rateur solaire, assurez-vous d'apprendre \u00e0 en choisir un adapt\u00e9 \u00e0 vos besoins","robots":{"index":"index","follow":"follow","max-snippet":"max-snippet:-1","max-image-preview":"max-image-preview:large","max-video-preview":"max-video-preview:-1"},"canonical":"https:\/\/www.solar-generator.tech\/fr\/","og_locale":"fr_FR","og_type":"article","og_title":"La r\u00e9f\u00e9rence sur le g\u00e9n\u00e9rateur solaire - Solar Generator","og_description":"Si vous pr\u00e9voyez d'utiliser un g\u00e9n\u00e9rateur solaire, assurez-vous d'apprendre \u00e0 en choisir un adapt\u00e9 \u00e0 vos besoins","og_url":"https:\/\/www.solar-generator.tech\/fr\/","og_site_name":"Solar Generator","article_modified_time":"2022-11-26T13:57:49+00:00","og_image":[{"url":"https:\/\/www.solar-generator.tech\/wp-content\/uploads\/2022\/11\/jackery-power-station-7-1024x640.jpg"}],"twitter_card":"summary_large_image","twitter_misc":{"Dur\u00e9e de lecture estim\u00e9e":"3 minutes"},"schema":{"@context":"https:\/\/schema.org","@graph":[{"@type":"WebPage","@id":"https:\/\/www.solar-generator.tech\/","url":"https:\/\/www.solar-generator.tech\/","name":"La r\u00e9f\u00e9rence sur le g\u00e9n\u00e9rateur solaire - Solar Generator","isPartOf":{"@id":"http:\/\/www.solar-generator.tech\/fr\/#website"},"primaryImageOfPage":{"@id":"https:\/\/www.solar-generator.tech\/#primaryimage"},"image":{"@id":"https:\/\/www.solar-generator.tech\/#primaryimage"},"thumbnailUrl":"https:\/\/www.solar-generator.tech\/wp-content\/uploads\/2022\/11\/jackery-power-station-7-1024x640.jpg","datePublished":"2022-11-14T14:16:04+00:00","dateModified":"2022-11-26T13:57:49+00:00","description":"Si vous pr\u00e9voyez d'utiliser un g\u00e9n\u00e9rateur solaire, assurez-vous d'apprendre \u00e0 en choisir un adapt\u00e9 \u00e0 vos besoins","breadcrumb":{"@id":"https:\/\/www.solar-generator.tech\/#breadcrumb"},"inLanguage":"fr-FR","potentialAction":[{"@type":"ReadAction","target":["https:\/\/www.solar-generator.tech\/"]}]},{"@type":"ImageObject","inLanguage":"fr-FR","@id":"https:\/\/www.solar-generator.tech\/#primaryimage","url":"https:\/\/www.solar-generator.tech\/wp-content\/uploads\/2022\/11\/jackery-power-station-7-1024x640.jpg","contentUrl":"https:\/\/www.solar-generator.tech\/wp-content\/uploads\/2022\/11\/jackery-power-station-7-1024x640.jpg"},{"@type":"BreadcrumbList","@id":"https:\/\/www.solar-generator.tech\/#breadcrumb","itemListElement":[{"@type":"ListItem","position":1,"name":"Accueil","item":"https:\/\/www.solar-generator.tech\/"},{"@type":"ListItem","position":2,"name":"La r\u00e9f\u00e9rence sur le g\u00e9n\u00e9rateur solaire"}]},{"@type":"WebSite","@id":"http:\/\/www.solar-generator.tech\/fr\/#website","url":"http:\/\/www.solar-generator.tech\/fr\/","name":"Solar Generator","description":"La r\u00e9f\u00e9rence sur le g\u00e9n\u00e9rateur solaire","publisher":{"@id":"http:\/\/www.solar-generator.tech\/fr\/#organization"},"potentialAction":[{"@type":"SearchAction","target":{"@type":"EntryPoint","urlTemplate":"http:\/\/www.solar-generator.tech\/fr\/?s={search_term_string}"},"query-input":{"@type":"PropertyValueSpecification","valueRequired":true,"valueName":"search_term_string"}}],"inLanguage":"fr-FR"},{"@type":"Organization","@id":"http:\/\/www.solar-generator.tech\/fr\/#organization","name":"Solar Generator","url":"http:\/\/www.solar-generator.tech\/fr\/","logo":{"@type":"ImageObject","inLanguage":"fr-FR","@id":"http:\/\/www.solar-generator.tech\/fr\/#\/schema\/logo\/image\/","url":"https:\/\/www.solar-generator.tech\/wp-content\/uploads\/2022\/11\/favicon-1.png","contentUrl":"https:\/\/www.solar-generator.tech\/wp-content\/uploads\/2022\/11\/favicon-1.png","width":81,"height":81,"caption":"Solar Generator"},"image":{"@id":"http:\/\/www.solar-generator.tech\/fr\/#\/schema\/logo\/image\/"}}]}},"_links":{"self":[{"href":"https:\/\/www.solar-generator.tech\/fr\/wp-json\/wp\/v2\/pages\/5","targetHints":{"allow":["GET"]}}],"collection":[{"href":"https:\/\/www.solar-generator.tech\/fr\/wp-json\/wp\/v2\/pages"}],"about":[{"href":"https:\/\/www.solar-generator.tech\/fr\/wp-json\/wp\/v2\/types\/page"}],"author":[{"embeddable":true,"href":"https:\/\/www.solar-generator.tech\/fr\/wp-json\/wp\/v2\/users\/3"}],"replies":[{"embeddable":true,"href":"https:\/\/www.solar-generator.tech\/fr\/wp-json\/wp\/v2\/comments?post=5"}],"version-history":[{"count":5,"href":"https:\/\/www.solar-generator.tech\/fr\/wp-json\/wp\/v2\/pages\/5\/revisions"}],"predecessor-version":[{"id":133,"href":"https:\/\/www.solar-generator.tech\/fr\/wp-json\/wp\/v2\/pages\/5\/revisions\/133"}],"wp:attachment":[{"href":"https:\/\/www.solar-generator.tech\/fr\/wp-json\/wp\/v2\/media?parent=5"}],"curies":[{"name":"wp","href":"https:\/\/api.w.org\/{rel}","templated":true}]}}