{"id":5,"date":"2022-11-14T14:16:04","date_gmt":"2022-11-14T14:16:04","guid":{"rendered":"https:\/\/www.solar-generator.tech\/?page_id=5"},"modified":"2022-11-26T13:57:49","modified_gmt":"2022-11-26T13:57:49","slug":"la-reference-sur-le-generateur-solaire","status":"publish","type":"page","link":"https:\/\/www.solar-generator.tech\/es\/","title":{"rendered":"La referencia de los generadores solares"},"content":{"rendered":"<div class=\"wp-block-columns is-layout-flex wp-container-core-columns-is-layout-9d6595d7 wp-block-columns-is-layout-flex\">\n<div class=\"wp-block-column is-layout-flow wp-block-column-is-layout-flow\" style=\"flex-basis:100%\">\n<p>Un generador solar proporciona energ\u00eda de reserva para su casa, autocaravana o caravana, o le permite trabajar sin acceso directo a la electricidad.&nbsp;<\/p>\n\n\n\n<p>Si est\u00e1 pensando en utilizar un generador solar como fuente de alimentaci\u00f3n, aseg\u00farese de aprender a elegir el adecuado para sus necesidades. De eso se trata este sitio.<\/p>\n\n\n\n<h2 class=\"wp-block-heading\">\u00bfQu\u00e9 es un generador solar?<\/h2>\n\n\n\n<p>El generador solar, o generador de energ\u00eda solar, es un concentrado de tecnolog\u00eda para poder almacenar electricidad para su uso inmediato o posterior. Por lo tanto, contiene un medio para cargar la bater\u00eda incluida, y un segundo medio para utilizar esta energ\u00eda. Los modelos m\u00e1s avanzados ofrecen tomas de corriente est\u00e1ndar, pero tambi\u00e9n puertos USB y de encendedor. Para los modelos de gama alta, hay una instalaci\u00f3n de carga inal\u00e1mbrica para tel\u00e9fonos y tabletas compatibles.<\/p>\n\n\n\n<h2 class=\"wp-block-heading\">En este caso, \u00bfse trata de un simple inversor?<\/h2>\n\n\n\n<p>S\u00ed y no.<\/p>\n\n\n\n<p>La construcci\u00f3n de un generador solar es posible comprando y conectando los diferentes componentes. Necesitar\u00e1 un inversor, una bater\u00eda, un cargador MPPT, pero tambi\u00e9n todo el cableado asociado. La ventaja del generador solar es que combina todos estos elementos en uno, a la vez que cuenta con un soporte y una garant\u00eda proporcionados por el fabricante. Tambi\u00e9n facilita mucho la instalaci\u00f3n: es plug-and-play.<\/p>\n\n\n\n<h2 class=\"wp-block-heading\">\u00bfC\u00f3mo se recarga un generador solar?<\/h2>\n\n\n\n<p>Es importante recordar que una bater\u00eda solar tiene una capacidad el\u00e9ctrica limitada y el tiempo de recarga es relativamente largo.\u00a0Dado que puede almacenar una cierta cantidad de energ\u00eda, recargarlo mediante un puerto USB o un cargador de mechero no lo recargar\u00e1. De hecho, el tiempo de recarga se contar\u00eda entonces en d\u00edas o incluso meses. <\/p>\n\n\n\n<figure class=\"wp-block-image size-large is-style-default\"><img loading=\"lazy\" decoding=\"async\" width=\"1024\" height=\"640\" src=\"https:\/\/www.solar-generator.tech\/wp-content\/uploads\/2022\/11\/jackery-power-station-7-1024x640.jpg\" alt=\"Carga de un generador solar en cualquier lugar con un panel fotovoltaico\" class=\"wp-image-114\" srcset=\"https:\/\/www.solar-generator.tech\/wp-content\/uploads\/2022\/11\/jackery-power-station-7-1024x640.jpg 1024w, https:\/\/www.solar-generator.tech\/wp-content\/uploads\/2022\/11\/jackery-power-station-7-300x188.jpg 300w, https:\/\/www.solar-generator.tech\/wp-content\/uploads\/2022\/11\/jackery-power-station-7-768x480.jpg 768w, https:\/\/www.solar-generator.tech\/wp-content\/uploads\/2022\/11\/jackery-power-station-7-1536x960.jpg 1536w, https:\/\/www.solar-generator.tech\/wp-content\/uploads\/2022\/11\/jackery-power-station-7-2048x1280.jpg 2048w, https:\/\/www.solar-generator.tech\/wp-content\/uploads\/2022\/11\/jackery-power-station-7-18x12.jpg 18w\" sizes=\"auto, (max-width: 1024px) 100vw, 1024px\" \/><figcaption class=\"wp-element-caption\">Carga de un generador solar en cualquier lugar con un panel fotovoltaico<\/figcaption><\/figure>\n\n\n\n<p>Los \u00fanicos m\u00e9todos consistentes para cargar un generador solar son : <\/p>\n\n\n\n<ul class=\"wp-block-list\">\n<li>utilizar uno o m\u00e1s paneles solares. Este es el m\u00e9todo m\u00e1s utilizado fuera de la red. Le permite acceder a la energ\u00eda el\u00e9ctrica directamente desde cualquier lugar con s\u00f3lo enchufar su equipo al generador solar.<\/li>\n\n\n\n<li>o conectar el generador solar a la red el\u00e9ctrica para beneficiarse del suministro de energ\u00eda. En este caso, le servir\u00e1 como bater\u00eda (trans)port\u00e1til para utilizar sus herramientas en un lugar donde no haya electricidad.<\/li>\n<\/ul>\n<\/div>\n<\/div>","protected":false},"excerpt":{"rendered":"<p>Un g\u00e9n\u00e9rateur solaire fournit une alimentation de secours pour votre maison, votre camping-car ou votre caravane, ou bien vous permet de travailler sans avoir un acc\u00e8s direct \u00e0 l&rsquo;\u00e9lectricit\u00e9.&nbsp; Si vous pr\u00e9voyez d&rsquo;utiliser un g\u00e9n\u00e9rateur solaire comme alimentation \u00e9lectrique, assurez-vous d&rsquo;apprendre \u00e0 choisir le bon, adapt\u00e9 pour vos besoins. C&rsquo;est la raison d&rsquo;\u00eatre de ce &#8230; <a title=\"La referencia de los generadores solares\" class=\"read-more\" href=\"https:\/\/www.solar-generator.tech\/es\/\" aria-label=\"M\u00e1s en La r\u00e9f\u00e9rence sur le g\u00e9n\u00e9rateur solaire\">Leer m\u00e1s<\/a><\/p>","protected":false},"author":3,"featured_media":0,"parent":0,"menu_order":0,"comment_status":"closed","ping_status":"closed","template":"","meta":{"footnotes":""},"class_list":["post-5","page","type-page","status-publish"],"yoast_head":"<!-- This site is optimized with the Yoast SEO plugin v23.4 - https:\/\/yoast.com\/wordpress\/plugins\/seo\/ -->\n<title>La r\u00e9f\u00e9rence sur le g\u00e9n\u00e9rateur solaire - Solar Generator<\/title>\n<meta name=\"description\" content=\"Si vous pr\u00e9voyez d&#039;utiliser un g\u00e9n\u00e9rateur solaire, assurez-vous d&#039;apprendre \u00e0 en choisir un adapt\u00e9 \u00e0 vos besoins\" \/>\n<meta name=\"robots\" content=\"index, follow, max-snippet:-1, max-image-preview:large, max-video-preview:-1\" \/>\n<link rel=\"canonical\" href=\"https:\/\/www.solar-generator.tech\/es\/\" \/>\n<meta property=\"og:locale\" content=\"es_ES\" \/>\n<meta property=\"og:type\" content=\"article\" \/>\n<meta property=\"og:title\" content=\"La r\u00e9f\u00e9rence sur le g\u00e9n\u00e9rateur solaire - Solar Generator\" \/>\n<meta property=\"og:description\" content=\"Si vous pr\u00e9voyez d&#039;utiliser un g\u00e9n\u00e9rateur solaire, assurez-vous d&#039;apprendre \u00e0 en choisir un adapt\u00e9 \u00e0 vos besoins\" \/>\n<meta property=\"og:url\" content=\"https:\/\/www.solar-generator.tech\/es\/\" \/>\n<meta property=\"og:site_name\" content=\"Solar Generator\" \/>\n<meta property=\"article:modified_time\" content=\"2022-11-26T13:57:49+00:00\" \/>\n<meta property=\"og:image\" content=\"https:\/\/www.solar-generator.tech\/wp-content\/uploads\/2022\/11\/jackery-power-station-7-1024x640.jpg\" \/>\n<meta name=\"twitter:card\" content=\"summary_large_image\" \/>\n<meta name=\"twitter:label1\" content=\"Tiempo de lectura\" \/>\n\t<meta name=\"twitter:data1\" content=\"3 minutos\" \/>\n<script type=\"application\/ld+json\" class=\"yoast-schema-graph\">{\"@context\":\"https:\/\/schema.org\",\"@graph\":[{\"@type\":\"WebPage\",\"@id\":\"https:\/\/www.solar-generator.tech\/\",\"url\":\"https:\/\/www.solar-generator.tech\/\",\"name\":\"La r\u00e9f\u00e9rence sur le g\u00e9n\u00e9rateur solaire - Solar Generator\",\"isPartOf\":{\"@id\":\"http:\/\/www.solar-generator.tech\/fr\/#website\"},\"primaryImageOfPage\":{\"@id\":\"https:\/\/www.solar-generator.tech\/#primaryimage\"},\"image\":{\"@id\":\"https:\/\/www.solar-generator.tech\/#primaryimage\"},\"thumbnailUrl\":\"https:\/\/www.solar-generator.tech\/wp-content\/uploads\/2022\/11\/jackery-power-station-7-1024x640.jpg\",\"datePublished\":\"2022-11-14T14:16:04+00:00\",\"dateModified\":\"2022-11-26T13:57:49+00:00\",\"description\":\"Si vous pr\u00e9voyez d'utiliser un g\u00e9n\u00e9rateur solaire, assurez-vous d'apprendre \u00e0 en choisir un adapt\u00e9 \u00e0 vos besoins\",\"breadcrumb\":{\"@id\":\"https:\/\/www.solar-generator.tech\/#breadcrumb\"},\"inLanguage\":\"es\",\"potentialAction\":[{\"@type\":\"ReadAction\",\"target\":[\"https:\/\/www.solar-generator.tech\/\"]}]},{\"@type\":\"ImageObject\",\"inLanguage\":\"es\",\"@id\":\"https:\/\/www.solar-generator.tech\/#primaryimage\",\"url\":\"https:\/\/www.solar-generator.tech\/wp-content\/uploads\/2022\/11\/jackery-power-station-7-1024x640.jpg\",\"contentUrl\":\"https:\/\/www.solar-generator.tech\/wp-content\/uploads\/2022\/11\/jackery-power-station-7-1024x640.jpg\"},{\"@type\":\"BreadcrumbList\",\"@id\":\"https:\/\/www.solar-generator.tech\/#breadcrumb\",\"itemListElement\":[{\"@type\":\"ListItem\",\"position\":1,\"name\":\"Accueil\",\"item\":\"https:\/\/www.solar-generator.tech\/\"},{\"@type\":\"ListItem\",\"position\":2,\"name\":\"La r\u00e9f\u00e9rence sur le g\u00e9n\u00e9rateur solaire\"}]},{\"@type\":\"WebSite\",\"@id\":\"http:\/\/www.solar-generator.tech\/fr\/#website\",\"url\":\"http:\/\/www.solar-generator.tech\/fr\/\",\"name\":\"Solar Generator\",\"description\":\"La r\u00e9f\u00e9rence sur le g\u00e9n\u00e9rateur solaire\",\"publisher\":{\"@id\":\"http:\/\/www.solar-generator.tech\/fr\/#organization\"},\"potentialAction\":[{\"@type\":\"SearchAction\",\"target\":{\"@type\":\"EntryPoint\",\"urlTemplate\":\"http:\/\/www.solar-generator.tech\/fr\/?s={search_term_string}\"},\"query-input\":{\"@type\":\"PropertyValueSpecification\",\"valueRequired\":true,\"valueName\":\"search_term_string\"}}],\"inLanguage\":\"es\"},{\"@type\":\"Organization\",\"@id\":\"http:\/\/www.solar-generator.tech\/fr\/#organization\",\"name\":\"Solar Generator\",\"url\":\"http:\/\/www.solar-generator.tech\/fr\/\",\"logo\":{\"@type\":\"ImageObject\",\"inLanguage\":\"es\",\"@id\":\"http:\/\/www.solar-generator.tech\/fr\/#\/schema\/logo\/image\/\",\"url\":\"https:\/\/www.solar-generator.tech\/wp-content\/uploads\/2022\/11\/favicon-1.png\",\"contentUrl\":\"https:\/\/www.solar-generator.tech\/wp-content\/uploads\/2022\/11\/favicon-1.png\",\"width\":81,\"height\":81,\"caption\":\"Solar Generator\"},\"image\":{\"@id\":\"http:\/\/www.solar-generator.tech\/fr\/#\/schema\/logo\/image\/\"}}]}<\/script>\n<!-- \/ Yoast SEO plugin. -->","yoast_head_json":{"title":"La r\u00e9f\u00e9rence sur le g\u00e9n\u00e9rateur solaire - Solar Generator","description":"Si vous pr\u00e9voyez d'utiliser un g\u00e9n\u00e9rateur solaire, assurez-vous d'apprendre \u00e0 en choisir un adapt\u00e9 \u00e0 vos besoins","robots":{"index":"index","follow":"follow","max-snippet":"max-snippet:-1","max-image-preview":"max-image-preview:large","max-video-preview":"max-video-preview:-1"},"canonical":"https:\/\/www.solar-generator.tech\/es\/","og_locale":"es_ES","og_type":"article","og_title":"La r\u00e9f\u00e9rence sur le g\u00e9n\u00e9rateur solaire - Solar Generator","og_description":"Si vous pr\u00e9voyez d'utiliser un g\u00e9n\u00e9rateur solaire, assurez-vous d'apprendre \u00e0 en choisir un adapt\u00e9 \u00e0 vos besoins","og_url":"https:\/\/www.solar-generator.tech\/es\/","og_site_name":"Solar Generator","article_modified_time":"2022-11-26T13:57:49+00:00","og_image":[{"url":"https:\/\/www.solar-generator.tech\/wp-content\/uploads\/2022\/11\/jackery-power-station-7-1024x640.jpg"}],"twitter_card":"summary_large_image","twitter_misc":{"Tiempo de lectura":"3 minutos"},"schema":{"@context":"https:\/\/schema.org","@graph":[{"@type":"WebPage","@id":"https:\/\/www.solar-generator.tech\/","url":"https:\/\/www.solar-generator.tech\/","name":"La r\u00e9f\u00e9rence sur le g\u00e9n\u00e9rateur solaire - Solar Generator","isPartOf":{"@id":"http:\/\/www.solar-generator.tech\/fr\/#website"},"primaryImageOfPage":{"@id":"https:\/\/www.solar-generator.tech\/#primaryimage"},"image":{"@id":"https:\/\/www.solar-generator.tech\/#primaryimage"},"thumbnailUrl":"https:\/\/www.solar-generator.tech\/wp-content\/uploads\/2022\/11\/jackery-power-station-7-1024x640.jpg","datePublished":"2022-11-14T14:16:04+00:00","dateModified":"2022-11-26T13:57:49+00:00","description":"Si vous pr\u00e9voyez d'utiliser un g\u00e9n\u00e9rateur solaire, assurez-vous d'apprendre \u00e0 en choisir un adapt\u00e9 \u00e0 vos besoins","breadcrumb":{"@id":"https:\/\/www.solar-generator.tech\/#breadcrumb"},"inLanguage":"es","potentialAction":[{"@type":"ReadAction","target":["https:\/\/www.solar-generator.tech\/"]}]},{"@type":"ImageObject","inLanguage":"es","@id":"https:\/\/www.solar-generator.tech\/#primaryimage","url":"https:\/\/www.solar-generator.tech\/wp-content\/uploads\/2022\/11\/jackery-power-station-7-1024x640.jpg","contentUrl":"https:\/\/www.solar-generator.tech\/wp-content\/uploads\/2022\/11\/jackery-power-station-7-1024x640.jpg"},{"@type":"BreadcrumbList","@id":"https:\/\/www.solar-generator.tech\/#breadcrumb","itemListElement":[{"@type":"ListItem","position":1,"name":"Accueil","item":"https:\/\/www.solar-generator.tech\/"},{"@type":"ListItem","position":2,"name":"La r\u00e9f\u00e9rence sur le g\u00e9n\u00e9rateur solaire"}]},{"@type":"WebSite","@id":"http:\/\/www.solar-generator.tech\/fr\/#website","url":"http:\/\/www.solar-generator.tech\/fr\/","name":"Solar Generator","description":"La r\u00e9f\u00e9rence sur le g\u00e9n\u00e9rateur solaire","publisher":{"@id":"http:\/\/www.solar-generator.tech\/fr\/#organization"},"potentialAction":[{"@type":"SearchAction","target":{"@type":"EntryPoint","urlTemplate":"http:\/\/www.solar-generator.tech\/fr\/?s={search_term_string}"},"query-input":{"@type":"PropertyValueSpecification","valueRequired":true,"valueName":"search_term_string"}}],"inLanguage":"es"},{"@type":"Organization","@id":"http:\/\/www.solar-generator.tech\/fr\/#organization","name":"Solar Generator","url":"http:\/\/www.solar-generator.tech\/fr\/","logo":{"@type":"ImageObject","inLanguage":"es","@id":"http:\/\/www.solar-generator.tech\/fr\/#\/schema\/logo\/image\/","url":"https:\/\/www.solar-generator.tech\/wp-content\/uploads\/2022\/11\/favicon-1.png","contentUrl":"https:\/\/www.solar-generator.tech\/wp-content\/uploads\/2022\/11\/favicon-1.png","width":81,"height":81,"caption":"Solar Generator"},"image":{"@id":"http:\/\/www.solar-generator.tech\/fr\/#\/schema\/logo\/image\/"}}]}},"_links":{"self":[{"href":"https:\/\/www.solar-generator.tech\/es\/wp-json\/wp\/v2\/pages\/5","targetHints":{"allow":["GET"]}}],"collection":[{"href":"https:\/\/www.solar-generator.tech\/es\/wp-json\/wp\/v2\/pages"}],"about":[{"href":"https:\/\/www.solar-generator.tech\/es\/wp-json\/wp\/v2\/types\/page"}],"author":[{"embeddable":true,"href":"https:\/\/www.solar-generator.tech\/es\/wp-json\/wp\/v2\/users\/3"}],"replies":[{"embeddable":true,"href":"https:\/\/www.solar-generator.tech\/es\/wp-json\/wp\/v2\/comments?post=5"}],"version-history":[{"count":5,"href":"https:\/\/www.solar-generator.tech\/es\/wp-json\/wp\/v2\/pages\/5\/revisions"}],"predecessor-version":[{"id":133,"href":"https:\/\/www.solar-generator.tech\/es\/wp-json\/wp\/v2\/pages\/5\/revisions\/133"}],"wp:attachment":[{"href":"https:\/\/www.solar-generator.tech\/es\/wp-json\/wp\/v2\/media?parent=5"}],"curies":[{"name":"wp","href":"https:\/\/api.w.org\/{rel}","templated":true}]}}