{"id":38,"date":"2022-11-14T15:57:41","date_gmt":"2022-11-14T15:57:41","guid":{"rendered":"https:\/\/www.solar-generator.tech\/?page_id=38"},"modified":"2022-11-26T12:40:12","modified_gmt":"2022-11-26T12:40:12","slug":"conditions-generales-dutilisation","status":"publish","type":"page","link":"https:\/\/www.solar-generator.tech\/es\/condiciones-de-uso\/","title":{"rendered":"Condiciones de uso"},"content":{"rendered":"<h2 class=\"wp-block-heading\" id=\"1-conditions-generales-d-utilisation-du-site-et-des-services-proposes\"><strong>1. Condiciones generales de uso del sitio y de los servicios ofrecidos.<\/strong><\/h2>\n\n\n\n<p>El uso del sitio solar-generator.tech implica la plena aceptaci\u00f3n de las condiciones generales de uso descritas a continuaci\u00f3n. Estas condiciones de uso pueden ser modificadas o completadas en cualquier momento, por lo que se invita a los usuarios del sitio solar-generator.tech a consultarlas regularmente. <br>Este sitio es normalmente accesible a los usuarios en todo momento. No obstante, solar-generator.tech puede decidir interrumpir el sitio por motivos de mantenimiento t\u00e9cnico. En tal caso, solar-generator.tech se esforzar\u00e1 por informar a los usuarios con antelaci\u00f3n de las fechas y horas de la intervenci\u00f3n. <br>El sitio web solar-generator.tech es actualizado regularmente por su propietario. Del mismo modo, los avisos legales pueden modificarse en cualquier momento: no obstante, se imponen al usuario, al que se invita a consultarlos con la mayor frecuencia posible para tomar nota de ellos.<\/p>\n\n\n\n<h2 class=\"wp-block-heading\" id=\"2-description-des-services-fournis\"><strong>2. Descripci\u00f3n de los servicios prestados.<\/strong><\/h2>\n\n\n\n<p>El objetivo del sitio web solar-generator.tech es proporcionar informaci\u00f3n sobre todas las actividades relacionadas con la energ\u00eda solar, su almacenamiento y su uso. <br>El propietario se esfuerza por ofrecer en el sitio web solar-generator.tech una informaci\u00f3n lo m\u00e1s exacta posible. Sin embargo, no se le puede responsabilizar de las omisiones, inexactitudes y deficiencias en la actualizaci\u00f3n, ya sean de su propia cosecha o de la de terceros que le proporcionen esta informaci\u00f3n. <br>Toda la informaci\u00f3n que aparece en el sitio web solar-generator.tech se ofrece a t\u00edtulo indicativo y puede cambiar. Adem\u00e1s, la informaci\u00f3n del sitio web solar-generator.tech no es exhaustiva. Se da a condici\u00f3n de que se hayan hecho modificaciones desde que se puso en l\u00ednea.<\/p>\n\n\n\n<h2 class=\"wp-block-heading\" id=\"3-limitations-contractuelles-sur-les-donnees-techniques\"><strong>3. Limitaciones contractuales de los datos t\u00e9cnicos.<\/strong><\/h2>\n\n\n\n<p>El sitio web utiliza la tecnolog\u00eda JavaScript. <br>El sitio web no se hace responsable de los da\u00f1os materiales relacionados con el uso del sitio. Adem\u00e1s, el usuario del sitio se compromete a acceder a \u00e9l con equipos recientes, libres de virus y con un navegador actualizado de \u00faltima generaci\u00f3n.<\/p>\n\n\n\n<h2 class=\"wp-block-heading\" id=\"4-affiliation\"><strong>4. Afiliado<\/strong><\/h2>\n\n\n\n<p>Este sitio contiene enlaces de afiliaci\u00f3n en algunas p\u00e1ginas y art\u00edculos. Cada vez que un visitante compra un producto o servicio haciendo clic en un enlace de afiliado, el sitio recibe una compensaci\u00f3n econ\u00f3mica, sin que al comprador le cueste un c\u00e9ntimo m\u00e1s. <br>solar-generator.tech participa en el Programa de Afiliaci\u00f3n de la UE de Amazon, un programa de publicidad de afiliaci\u00f3n dise\u00f1ado para permitir que los sitios ganen dinero mediante enlaces a Amazon.com. Como socio de Amazon, el sitio obtiene un beneficio por las compras que cumplan los requisitos.<\/p>\n\n\n\n<h2 class=\"wp-block-heading\" id=\"5-propriete-intellectuelle-et-contrefacons\"><strong>5. Propiedad intelectual y falsificaci\u00f3n.<\/strong><\/h2>\n\n\n\n<p>El propietario es el titular de los derechos de propiedad intelectual o tiene los derechos de uso sobre todos los elementos accesibles en el sitio, en particular los textos, im\u00e1genes, gr\u00e1ficos, logotipo, iconos, sonidos, software. <br>Cualquier reproducci\u00f3n, representaci\u00f3n, modificaci\u00f3n, publicaci\u00f3n, adaptaci\u00f3n de la totalidad o parte de los elementos del sitio, cualquiera que sea el medio o el procedimiento utilizado, est\u00e1 prohibida, salvo autorizaci\u00f3n previa por escrito del propietario. <br>Toda utilizaci\u00f3n no autorizada del sitio o de alguno de los elementos que contiene se considerar\u00e1 constitutiva de infracci\u00f3n y ser\u00e1 perseguida de conformidad con las disposiciones de los art\u00edculos L.335-2 y siguientes del C\u00f3digo de la Propiedad Intelectual franc\u00e9s.<\/p>\n\n\n\n<h2 class=\"wp-block-heading\" id=\"6-limitations-de-responsabilite\"><strong>6. Limitaciones de responsabilidad.<\/strong><\/h2>\n\n\n\n<p>El propietario no se hace responsable de los da\u00f1os directos e indirectos causados al equipo del usuario al acceder al sitio del propietario, y que resulten bien del uso de un equipo que no cumpla las especificaciones indicadas en el punto 4, bien de la aparici\u00f3n de un error o de una incompatibilidad. <br>El propietario no se hace responsable de los da\u00f1os indirectos (como la p\u00e9rdida de mercado o la p\u00e9rdida de oportunidades) resultantes del uso del sitio solar-generator.tech. <br>Los usuarios tienen a su disposici\u00f3n zonas interactivas (posibilidad de hacer preguntas en la zona de contacto). El propietario se reserva el derecho de eliminar, sin previo aviso, cualquier contenido publicado en este espacio que contravenga la legislaci\u00f3n aplicable en Francia, en particular las disposiciones relativas a la protecci\u00f3n de datos. En caso de ser necesario, el propietario se reserva tambi\u00e9n la posibilidad de apelar a la responsabilidad civil y\/o penal del usuario, en particular en el caso de mensajes de car\u00e1cter racista, insultante, difamatorio o pornogr\u00e1fico, sea cual sea el medio utilizado (texto, fotograf\u00eda, etc.).<\/p>\n\n\n\n<h2 class=\"wp-block-heading\" id=\"7-gestion-des-donnees-personnelles\"><strong>7. Gesti\u00f3n de datos personales.<\/strong><\/h2>\n\n\n\n<p>En Francia, los datos personales est\u00e1n protegidos por la ley francesa n\u00b0 78-87 del 6 de enero de 1978, la ley n\u00b0 2004-801 del 6 de agosto de 2004, el art\u00edculo L. 226-13 del C\u00f3digo Penal y la Directiva Europea del 24 de octubre de 1995. <br>Al utilizar el sitio solar-generator.tech, se puede recoger la siguiente informaci\u00f3n: la URL de los enlaces a trav\u00e9s de los cuales el usuario ha accedido al sitio solar-generator.tech, el proveedor de acceso del usuario, la direcci\u00f3n del protocolo de Internet (IP) del usuario. <br>En cualquier caso, el propietario recoge informaci\u00f3n personal relativa al usuario s\u00f3lo para la necesidad de ciertos servicios ofrecidos por el sitio solar-generator.tech. El usuario proporciona esta informaci\u00f3n con pleno conocimiento de causa, en particular cuando procede por s\u00ed mismo a su introducci\u00f3n. Se especifica entonces al usuario del sitio solar-generator.tech la obligaci\u00f3n o no de proporcionar esta informaci\u00f3n.<br>De conformidad con las disposiciones de los art\u00edculos 38 y siguientes de la ley francesa 78-17 del 6 de enero de 1978 relativa a la inform\u00e1tica, a los archivos y a las libertades, todo usuario dispone de un derecho de acceso, de rectificaci\u00f3n y de oposici\u00f3n a los datos personales que le conciernen, presentando una solicitud escrita y firmada, acompa\u00f1ada de una copia del documento de identidad con la firma del titular del documento, precisando la direcci\u00f3n a la que debe enviarse la respuesta.<br>Ninguna informaci\u00f3n personal del usuario del sitio solar-generator.tech se publica sin el conocimiento del usuario, se intercambia, se transfiere, se cede o se vende en cualquier medio a terceros. S\u00f3lo la asunci\u00f3n de la recompra del propietario y sus derechos permitir\u00eda la transmisi\u00f3n de dicha informaci\u00f3n al posible comprador que estar\u00eda a su vez sujeto a la misma obligaci\u00f3n de conservaci\u00f3n y modificaci\u00f3n de los datos con respecto al usuario del sitio solar-generator.tech.<br>El sitio no est\u00e1 declarado a la CNIL porque no recoge informaci\u00f3n personal.<br>Las bases de datos est\u00e1n protegidas por las disposiciones de la ley francesa de 1 de julio de 1998 que transpone la Directiva 96\/9 de 11 de marzo de 1996 sobre la protecci\u00f3n jur\u00eddica de las bases de datos.<\/p>\n\n\n\n<h2 class=\"wp-block-heading\" id=\"8-liens-hypertextes-et-cookies\"><strong>8. Enlaces de hipertexto y cookies.<\/strong><\/h2>\n\n\n\n<p>El sitio web solar-generator.tech contiene una serie de hiperv\u00ednculos a otros sitios web, establecidos con el permiso del propietario. Sin embargo, el propietario no est\u00e1 en condiciones de comprobar el contenido de los sitios visitados de esta manera, y por lo tanto no asume ninguna responsabilidad por ellos. <br>La navegaci\u00f3n por el sitio web solar-generator.tech puede dar lugar a la instalaci\u00f3n de cookies en el ordenador del usuario. Una cookie es un peque\u00f1o archivo que no permite la identificaci\u00f3n del usuario, pero que registra informaci\u00f3n relativa a la navegaci\u00f3n de un ordenador en un sitio. Los datos as\u00ed obtenidos est\u00e1n destinados a facilitar la navegaci\u00f3n posterior en el sitio, y tambi\u00e9n a permitir diversas medidas de frecuentaci\u00f3n. <br>Rechazar la instalaci\u00f3n de una cookie puede imposibilitar el acceso a determinados servicios. Sin embargo, el usuario puede configurar su ordenador de la siguiente manera para rechazar la instalaci\u00f3n de cookies: <br> - En Internet Explorer: pesta\u00f1a de herramientas \/ opciones de internet. Haga clic en Confidencialidad y elija Bloquear todas las cookies. Validar con Ok.<br> - En Firefox: ficha de edici\u00f3n \/ preferencias. Haga clic en Avanzado y elija Desactivar cookies. Validar con Ok.<\/p>\n\n\n\n<h2 class=\"wp-block-heading\" id=\"9-droit-applicable-et-attribution-de-juridiction\"><strong>9. Ley y jurisdicci\u00f3n aplicables.<\/strong><\/h2>\n\n\n\n<p>Cualquier litigio relacionado con el uso del sitio web solar-generator.tech est\u00e1 sujeto a la legislaci\u00f3n francesa. La jurisdicci\u00f3n exclusiva se otorga a los tribunales competentes de Metz, Francia.<\/p>\n\n\n\n<h2 class=\"wp-block-heading\" id=\"10-les-principales-lois-concernees\"><strong>10. Las principales leyes en cuesti\u00f3n.<\/strong><\/h2>\n\n\n\n<p>Ley francesa n\u00b0 78-87 de 6 de enero de 1978, modificada especialmente por la ley n\u00b0 2004-801 de 6 de agosto de 2004 relativa a la inform\u00e1tica, los archivos y las libertades.<br>Ley francesa n\u00ba 2004-575 de 21 de junio de 2004 sobre la confianza en la econom\u00eda digital.<\/p>\n\n\n\n<h2 class=\"wp-block-heading\" id=\"11-lexique\"><strong>11. L\u00e9xico.<\/strong><\/h2>\n\n\n\n<p>Usuario: usuario de Internet que se conecta y utiliza el sitio mencionado.<br>Informaci\u00f3n personal: \"informaci\u00f3n que permite, bajo cualquier forma, directamente o no, la identificaci\u00f3n de las personas f\u00edsicas a las que se aplica\" (art\u00edculo 4 de la ley francesa n\u00b0 78-17 de 6 de enero de 1978).<\/p>","protected":false},"excerpt":{"rendered":"<p>1. Conditions g\u00e9n\u00e9rales d\u2019utilisation du site et des services propos\u00e9s. L\u2019utilisation du site solar-generator.tech implique l\u2019acceptation pleine et enti\u00e8re des conditions g\u00e9n\u00e9rales d\u2019utilisation ci-apr\u00e8s d\u00e9crites. Ces conditions d\u2019utilisation sont susceptibles d\u2019\u00eatre modifi\u00e9es ou compl\u00e9t\u00e9es \u00e0 tout moment, les utilisateurs du site solar-generator.tech sont donc invit\u00e9s \u00e0 les consulter de mani\u00e8re r\u00e9guli\u00e8re. Ce site est normalement &#8230; <a title=\"Condiciones de uso\" class=\"read-more\" href=\"https:\/\/www.solar-generator.tech\/es\/condiciones-de-uso\/\" aria-label=\"M\u00e1s en Conditions g\u00e9n\u00e9rales d\u2019utilisation\">Leer m\u00e1s<\/a><\/p>","protected":false},"author":3,"featured_media":0,"parent":0,"menu_order":0,"comment_status":"closed","ping_status":"closed","template":"","meta":{"footnotes":""},"class_list":["post-38","page","type-page","status-publish"],"yoast_head":"<!-- This site is optimized with the Yoast SEO plugin v23.4 - https:\/\/yoast.com\/wordpress\/plugins\/seo\/ -->\n<title>Conditions g\u00e9n\u00e9rales d\u2019utilisation - Solar Generator<\/title>\n<meta name=\"robots\" content=\"noindex, follow\" \/>\n<meta property=\"og:locale\" content=\"es_ES\" \/>\n<meta property=\"og:type\" content=\"article\" \/>\n<meta property=\"og:title\" content=\"Conditions g\u00e9n\u00e9rales d\u2019utilisation - Solar Generator\" \/>\n<meta property=\"og:description\" content=\"1. Conditions g\u00e9n\u00e9rales d\u2019utilisation du site et des services propos\u00e9s. L\u2019utilisation du site solar-generator.tech implique l\u2019acceptation pleine et enti\u00e8re des conditions g\u00e9n\u00e9rales d\u2019utilisation ci-apr\u00e8s d\u00e9crites. Ces conditions d\u2019utilisation sont susceptibles d\u2019\u00eatre modifi\u00e9es ou compl\u00e9t\u00e9es \u00e0 tout moment, les utilisateurs du site solar-generator.tech sont donc invit\u00e9s \u00e0 les consulter de mani\u00e8re r\u00e9guli\u00e8re. Ce site est normalement ... Leer m\u00e1s\" \/>\n<meta property=\"og:url\" content=\"https:\/\/www.solar-generator.tech\/es\/condiciones-de-uso\/\" \/>\n<meta property=\"og:site_name\" content=\"Solar Generator\" \/>\n<meta property=\"article:modified_time\" content=\"2022-11-26T12:40:12+00:00\" \/>\n<meta name=\"twitter:card\" content=\"summary_large_image\" \/>\n<meta name=\"twitter:label1\" content=\"Tiempo de lectura\" \/>\n\t<meta name=\"twitter:data1\" content=\"7 minutos\" \/>\n<script type=\"application\/ld+json\" class=\"yoast-schema-graph\">{\"@context\":\"https:\/\/schema.org\",\"@graph\":[{\"@type\":\"WebPage\",\"@id\":\"https:\/\/www.solar-generator.tech\/conditions-generales-dutilisation\/\",\"url\":\"https:\/\/www.solar-generator.tech\/conditions-generales-dutilisation\/\",\"name\":\"Conditions g\u00e9n\u00e9rales d\u2019utilisation - Solar Generator\",\"isPartOf\":{\"@id\":\"http:\/\/www.solar-generator.tech\/fr\/#website\"},\"datePublished\":\"2022-11-14T15:57:41+00:00\",\"dateModified\":\"2022-11-26T12:40:12+00:00\",\"breadcrumb\":{\"@id\":\"https:\/\/www.solar-generator.tech\/conditions-generales-dutilisation\/#breadcrumb\"},\"inLanguage\":\"es\",\"potentialAction\":[{\"@type\":\"ReadAction\",\"target\":[\"https:\/\/www.solar-generator.tech\/conditions-generales-dutilisation\/\"]}]},{\"@type\":\"BreadcrumbList\",\"@id\":\"https:\/\/www.solar-generator.tech\/conditions-generales-dutilisation\/#breadcrumb\",\"itemListElement\":[{\"@type\":\"ListItem\",\"position\":1,\"name\":\"Accueil\",\"item\":\"https:\/\/www.solar-generator.tech\/\"},{\"@type\":\"ListItem\",\"position\":2,\"name\":\"Conditions g\u00e9n\u00e9rales d\u2019utilisation\"}]},{\"@type\":\"WebSite\",\"@id\":\"http:\/\/www.solar-generator.tech\/fr\/#website\",\"url\":\"http:\/\/www.solar-generator.tech\/fr\/\",\"name\":\"Solar Generator\",\"description\":\"La r\u00e9f\u00e9rence sur le g\u00e9n\u00e9rateur solaire\",\"publisher\":{\"@id\":\"http:\/\/www.solar-generator.tech\/fr\/#organization\"},\"potentialAction\":[{\"@type\":\"SearchAction\",\"target\":{\"@type\":\"EntryPoint\",\"urlTemplate\":\"http:\/\/www.solar-generator.tech\/fr\/?s={search_term_string}\"},\"query-input\":{\"@type\":\"PropertyValueSpecification\",\"valueRequired\":true,\"valueName\":\"search_term_string\"}}],\"inLanguage\":\"es\"},{\"@type\":\"Organization\",\"@id\":\"http:\/\/www.solar-generator.tech\/fr\/#organization\",\"name\":\"Solar Generator\",\"url\":\"http:\/\/www.solar-generator.tech\/fr\/\",\"logo\":{\"@type\":\"ImageObject\",\"inLanguage\":\"es\",\"@id\":\"http:\/\/www.solar-generator.tech\/fr\/#\/schema\/logo\/image\/\",\"url\":\"https:\/\/www.solar-generator.tech\/wp-content\/uploads\/2022\/11\/favicon-1.png\",\"contentUrl\":\"https:\/\/www.solar-generator.tech\/wp-content\/uploads\/2022\/11\/favicon-1.png\",\"width\":81,\"height\":81,\"caption\":\"Solar Generator\"},\"image\":{\"@id\":\"http:\/\/www.solar-generator.tech\/fr\/#\/schema\/logo\/image\/\"}}]}<\/script>\n<!-- \/ Yoast SEO plugin. -->","yoast_head_json":{"title":"Conditions g\u00e9n\u00e9rales d\u2019utilisation - Solar Generator","robots":{"index":"noindex","follow":"follow"},"og_locale":"es_ES","og_type":"article","og_title":"Conditions g\u00e9n\u00e9rales d\u2019utilisation - Solar Generator","og_description":"1. Conditions g\u00e9n\u00e9rales d\u2019utilisation du site et des services propos\u00e9s. L\u2019utilisation du site solar-generator.tech implique l\u2019acceptation pleine et enti\u00e8re des conditions g\u00e9n\u00e9rales d\u2019utilisation ci-apr\u00e8s d\u00e9crites. Ces conditions d\u2019utilisation sont susceptibles d\u2019\u00eatre modifi\u00e9es ou compl\u00e9t\u00e9es \u00e0 tout moment, les utilisateurs du site solar-generator.tech sont donc invit\u00e9s \u00e0 les consulter de mani\u00e8re r\u00e9guli\u00e8re. Ce site est normalement ... Leer m\u00e1s","og_url":"https:\/\/www.solar-generator.tech\/es\/condiciones-de-uso\/","og_site_name":"Solar Generator","article_modified_time":"2022-11-26T12:40:12+00:00","twitter_card":"summary_large_image","twitter_misc":{"Tiempo de lectura":"7 minutos"},"schema":{"@context":"https:\/\/schema.org","@graph":[{"@type":"WebPage","@id":"https:\/\/www.solar-generator.tech\/conditions-generales-dutilisation\/","url":"https:\/\/www.solar-generator.tech\/conditions-generales-dutilisation\/","name":"Conditions g\u00e9n\u00e9rales d\u2019utilisation - Solar Generator","isPartOf":{"@id":"http:\/\/www.solar-generator.tech\/fr\/#website"},"datePublished":"2022-11-14T15:57:41+00:00","dateModified":"2022-11-26T12:40:12+00:00","breadcrumb":{"@id":"https:\/\/www.solar-generator.tech\/conditions-generales-dutilisation\/#breadcrumb"},"inLanguage":"es","potentialAction":[{"@type":"ReadAction","target":["https:\/\/www.solar-generator.tech\/conditions-generales-dutilisation\/"]}]},{"@type":"BreadcrumbList","@id":"https:\/\/www.solar-generator.tech\/conditions-generales-dutilisation\/#breadcrumb","itemListElement":[{"@type":"ListItem","position":1,"name":"Accueil","item":"https:\/\/www.solar-generator.tech\/"},{"@type":"ListItem","position":2,"name":"Conditions g\u00e9n\u00e9rales d\u2019utilisation"}]},{"@type":"WebSite","@id":"http:\/\/www.solar-generator.tech\/fr\/#website","url":"http:\/\/www.solar-generator.tech\/fr\/","name":"Solar Generator","description":"La r\u00e9f\u00e9rence sur le g\u00e9n\u00e9rateur solaire","publisher":{"@id":"http:\/\/www.solar-generator.tech\/fr\/#organization"},"potentialAction":[{"@type":"SearchAction","target":{"@type":"EntryPoint","urlTemplate":"http:\/\/www.solar-generator.tech\/fr\/?s={search_term_string}"},"query-input":{"@type":"PropertyValueSpecification","valueRequired":true,"valueName":"search_term_string"}}],"inLanguage":"es"},{"@type":"Organization","@id":"http:\/\/www.solar-generator.tech\/fr\/#organization","name":"Solar Generator","url":"http:\/\/www.solar-generator.tech\/fr\/","logo":{"@type":"ImageObject","inLanguage":"es","@id":"http:\/\/www.solar-generator.tech\/fr\/#\/schema\/logo\/image\/","url":"https:\/\/www.solar-generator.tech\/wp-content\/uploads\/2022\/11\/favicon-1.png","contentUrl":"https:\/\/www.solar-generator.tech\/wp-content\/uploads\/2022\/11\/favicon-1.png","width":81,"height":81,"caption":"Solar Generator"},"image":{"@id":"http:\/\/www.solar-generator.tech\/fr\/#\/schema\/logo\/image\/"}}]}},"_links":{"self":[{"href":"https:\/\/www.solar-generator.tech\/es\/wp-json\/wp\/v2\/pages\/38","targetHints":{"allow":["GET"]}}],"collection":[{"href":"https:\/\/www.solar-generator.tech\/es\/wp-json\/wp\/v2\/pages"}],"about":[{"href":"https:\/\/www.solar-generator.tech\/es\/wp-json\/wp\/v2\/types\/page"}],"author":[{"embeddable":true,"href":"https:\/\/www.solar-generator.tech\/es\/wp-json\/wp\/v2\/users\/3"}],"replies":[{"embeddable":true,"href":"https:\/\/www.solar-generator.tech\/es\/wp-json\/wp\/v2\/comments?post=38"}],"version-history":[{"count":3,"href":"https:\/\/www.solar-generator.tech\/es\/wp-json\/wp\/v2\/pages\/38\/revisions"}],"predecessor-version":[{"id":94,"href":"https:\/\/www.solar-generator.tech\/es\/wp-json\/wp\/v2\/pages\/38\/revisions\/94"}],"wp:attachment":[{"href":"https:\/\/www.solar-generator.tech\/es\/wp-json\/wp\/v2\/media?parent=38"}],"curies":[{"name":"wp","href":"https:\/\/api.w.org\/{rel}","templated":true}]}}