{"id":36,"date":"2022-11-14T15:54:53","date_gmt":"2022-11-14T15:54:53","guid":{"rendered":"https:\/\/www.solar-generator.tech\/?page_id=36"},"modified":"2022-11-26T12:40:13","modified_gmt":"2022-11-26T12:40:13","slug":"mentions-legales","status":"publish","type":"page","link":"https:\/\/www.solar-generator.tech\/es\/mentions-legales\/","title":{"rendered":"Avisos legales"},"content":{"rendered":"<h2 class=\"wp-block-heading\" id=\"editeur-du-site\">Editor del sitio web<\/h2>\n\n\n\n<p>Este sitio es publicado por la empresa francesa COYETTE cuyo n\u00famero de identificaci\u00f3n es 517875829<\/p>\n\n\n\n<h2 class=\"wp-block-heading\" id=\"hebergeur-du-site\">Alojamiento del sitio web<\/h2>\n\n\n\n<p>O2switch<br>222 Bd Gustave Flaubert<br>63000 Clermont-Ferrand<br>France<\/p>\n\n\n\n<h2 class=\"wp-block-heading\" id=\"responsable-de-publication\">Responsable de la publicaci\u00f3n<\/h2>\n\n\n\n<p>Responsable de la publicaci\u00f3n: Coyette<br>Puede ponerse en contacto con nosotros a trav\u00e9s del&nbsp;<a href=\"https:\/\/www.solar-generator.tech\/es\/contact\/\">formulario aqu\u00ed<\/a><\/p>","protected":false},"excerpt":{"rendered":"<p>Editeur du site Le pr\u00e9sent site est \u00e9dit\u00e9 par la soci\u00e9t\u00e9 COYETTE dont le num\u00e9ro d\u2019identification est 517875829 H\u00e9bergeur du site O2switch222 Bd Gustave Flaubert63000 Clermont-FerrandFrance Responsable de publication Responsable publication : CoyetteVous pouvez nous contacter via le&nbsp;formulaire ici<\/p>","protected":false},"author":3,"featured_media":0,"parent":0,"menu_order":0,"comment_status":"closed","ping_status":"closed","template":"","meta":{"footnotes":""},"class_list":["post-36","page","type-page","status-publish"],"yoast_head":"<!-- This site is optimized with the Yoast SEO plugin v23.4 - https:\/\/yoast.com\/wordpress\/plugins\/seo\/ -->\n<title>Mentions l\u00e9gales - Solar Generator<\/title>\n<meta name=\"robots\" content=\"noindex, follow\" \/>\n<meta property=\"og:locale\" content=\"es_ES\" \/>\n<meta property=\"og:type\" content=\"article\" \/>\n<meta property=\"og:title\" content=\"Mentions l\u00e9gales - Solar Generator\" \/>\n<meta property=\"og:description\" content=\"Editeur du site Le pr\u00e9sent site est \u00e9dit\u00e9 par la soci\u00e9t\u00e9 COYETTE dont le num\u00e9ro d\u2019identification est 517875829 H\u00e9bergeur du site O2switch222 Bd Gustave Flaubert63000 Clermont-FerrandFrance Responsable de publication Responsable publication : CoyetteVous pouvez nous contacter via le&nbsp;formulaire ici\" \/>\n<meta property=\"og:url\" content=\"https:\/\/www.solar-generator.tech\/es\/mentions-legales\/\" \/>\n<meta property=\"og:site_name\" content=\"Solar Generator\" \/>\n<meta property=\"article:modified_time\" content=\"2022-11-26T12:40:13+00:00\" \/>\n<meta name=\"twitter:card\" content=\"summary_large_image\" \/>\n<meta name=\"twitter:label1\" content=\"Tiempo de lectura\" \/>\n\t<meta name=\"twitter:data1\" content=\"1 minuto\" \/>\n<script type=\"application\/ld+json\" class=\"yoast-schema-graph\">{\"@context\":\"https:\/\/schema.org\",\"@graph\":[{\"@type\":\"WebPage\",\"@id\":\"https:\/\/www.solar-generator.tech\/mentions-legales\/\",\"url\":\"https:\/\/www.solar-generator.tech\/mentions-legales\/\",\"name\":\"Mentions l\u00e9gales - Solar Generator\",\"isPartOf\":{\"@id\":\"http:\/\/www.solar-generator.tech\/fr\/#website\"},\"datePublished\":\"2022-11-14T15:54:53+00:00\",\"dateModified\":\"2022-11-26T12:40:13+00:00\",\"breadcrumb\":{\"@id\":\"https:\/\/www.solar-generator.tech\/mentions-legales\/#breadcrumb\"},\"inLanguage\":\"es\",\"potentialAction\":[{\"@type\":\"ReadAction\",\"target\":[\"https:\/\/www.solar-generator.tech\/mentions-legales\/\"]}]},{\"@type\":\"BreadcrumbList\",\"@id\":\"https:\/\/www.solar-generator.tech\/mentions-legales\/#breadcrumb\",\"itemListElement\":[{\"@type\":\"ListItem\",\"position\":1,\"name\":\"Accueil\",\"item\":\"https:\/\/www.solar-generator.tech\/\"},{\"@type\":\"ListItem\",\"position\":2,\"name\":\"Mentions l\u00e9gales\"}]},{\"@type\":\"WebSite\",\"@id\":\"http:\/\/www.solar-generator.tech\/fr\/#website\",\"url\":\"http:\/\/www.solar-generator.tech\/fr\/\",\"name\":\"Solar Generator\",\"description\":\"La r\u00e9f\u00e9rence sur le g\u00e9n\u00e9rateur solaire\",\"publisher\":{\"@id\":\"http:\/\/www.solar-generator.tech\/fr\/#organization\"},\"potentialAction\":[{\"@type\":\"SearchAction\",\"target\":{\"@type\":\"EntryPoint\",\"urlTemplate\":\"http:\/\/www.solar-generator.tech\/fr\/?s={search_term_string}\"},\"query-input\":{\"@type\":\"PropertyValueSpecification\",\"valueRequired\":true,\"valueName\":\"search_term_string\"}}],\"inLanguage\":\"es\"},{\"@type\":\"Organization\",\"@id\":\"http:\/\/www.solar-generator.tech\/fr\/#organization\",\"name\":\"Solar Generator\",\"url\":\"http:\/\/www.solar-generator.tech\/fr\/\",\"logo\":{\"@type\":\"ImageObject\",\"inLanguage\":\"es\",\"@id\":\"http:\/\/www.solar-generator.tech\/fr\/#\/schema\/logo\/image\/\",\"url\":\"https:\/\/www.solar-generator.tech\/wp-content\/uploads\/2022\/11\/favicon-1.png\",\"contentUrl\":\"https:\/\/www.solar-generator.tech\/wp-content\/uploads\/2022\/11\/favicon-1.png\",\"width\":81,\"height\":81,\"caption\":\"Solar Generator\"},\"image\":{\"@id\":\"http:\/\/www.solar-generator.tech\/fr\/#\/schema\/logo\/image\/\"}}]}<\/script>\n<!-- \/ Yoast SEO plugin. -->","yoast_head_json":{"title":"Mentions l\u00e9gales - Solar Generator","robots":{"index":"noindex","follow":"follow"},"og_locale":"es_ES","og_type":"article","og_title":"Mentions l\u00e9gales - Solar Generator","og_description":"Editeur du site Le pr\u00e9sent site est \u00e9dit\u00e9 par la soci\u00e9t\u00e9 COYETTE dont le num\u00e9ro d\u2019identification est 517875829 H\u00e9bergeur du site O2switch222 Bd Gustave Flaubert63000 Clermont-FerrandFrance Responsable de publication Responsable publication : CoyetteVous pouvez nous contacter via le&nbsp;formulaire ici","og_url":"https:\/\/www.solar-generator.tech\/es\/mentions-legales\/","og_site_name":"Solar Generator","article_modified_time":"2022-11-26T12:40:13+00:00","twitter_card":"summary_large_image","twitter_misc":{"Tiempo de lectura":"1 minuto"},"schema":{"@context":"https:\/\/schema.org","@graph":[{"@type":"WebPage","@id":"https:\/\/www.solar-generator.tech\/mentions-legales\/","url":"https:\/\/www.solar-generator.tech\/mentions-legales\/","name":"Mentions l\u00e9gales - Solar Generator","isPartOf":{"@id":"http:\/\/www.solar-generator.tech\/fr\/#website"},"datePublished":"2022-11-14T15:54:53+00:00","dateModified":"2022-11-26T12:40:13+00:00","breadcrumb":{"@id":"https:\/\/www.solar-generator.tech\/mentions-legales\/#breadcrumb"},"inLanguage":"es","potentialAction":[{"@type":"ReadAction","target":["https:\/\/www.solar-generator.tech\/mentions-legales\/"]}]},{"@type":"BreadcrumbList","@id":"https:\/\/www.solar-generator.tech\/mentions-legales\/#breadcrumb","itemListElement":[{"@type":"ListItem","position":1,"name":"Accueil","item":"https:\/\/www.solar-generator.tech\/"},{"@type":"ListItem","position":2,"name":"Mentions l\u00e9gales"}]},{"@type":"WebSite","@id":"http:\/\/www.solar-generator.tech\/fr\/#website","url":"http:\/\/www.solar-generator.tech\/fr\/","name":"Solar Generator","description":"La r\u00e9f\u00e9rence sur le g\u00e9n\u00e9rateur solaire","publisher":{"@id":"http:\/\/www.solar-generator.tech\/fr\/#organization"},"potentialAction":[{"@type":"SearchAction","target":{"@type":"EntryPoint","urlTemplate":"http:\/\/www.solar-generator.tech\/fr\/?s={search_term_string}"},"query-input":{"@type":"PropertyValueSpecification","valueRequired":true,"valueName":"search_term_string"}}],"inLanguage":"es"},{"@type":"Organization","@id":"http:\/\/www.solar-generator.tech\/fr\/#organization","name":"Solar Generator","url":"http:\/\/www.solar-generator.tech\/fr\/","logo":{"@type":"ImageObject","inLanguage":"es","@id":"http:\/\/www.solar-generator.tech\/fr\/#\/schema\/logo\/image\/","url":"https:\/\/www.solar-generator.tech\/wp-content\/uploads\/2022\/11\/favicon-1.png","contentUrl":"https:\/\/www.solar-generator.tech\/wp-content\/uploads\/2022\/11\/favicon-1.png","width":81,"height":81,"caption":"Solar Generator"},"image":{"@id":"http:\/\/www.solar-generator.tech\/fr\/#\/schema\/logo\/image\/"}}]}},"_links":{"self":[{"href":"https:\/\/www.solar-generator.tech\/es\/wp-json\/wp\/v2\/pages\/36","targetHints":{"allow":["GET"]}}],"collection":[{"href":"https:\/\/www.solar-generator.tech\/es\/wp-json\/wp\/v2\/pages"}],"about":[{"href":"https:\/\/www.solar-generator.tech\/es\/wp-json\/wp\/v2\/types\/page"}],"author":[{"embeddable":true,"href":"https:\/\/www.solar-generator.tech\/es\/wp-json\/wp\/v2\/users\/3"}],"replies":[{"embeddable":true,"href":"https:\/\/www.solar-generator.tech\/es\/wp-json\/wp\/v2\/comments?post=36"}],"version-history":[{"count":2,"href":"https:\/\/www.solar-generator.tech\/es\/wp-json\/wp\/v2\/pages\/36\/revisions"}],"predecessor-version":[{"id":40,"href":"https:\/\/www.solar-generator.tech\/es\/wp-json\/wp\/v2\/pages\/36\/revisions\/40"}],"wp:attachment":[{"href":"https:\/\/www.solar-generator.tech\/es\/wp-json\/wp\/v2\/media?parent=36"}],"curies":[{"name":"wp","href":"https:\/\/api.w.org\/{rel}","templated":true}]}}