{"id":5,"date":"2022-11-14T14:16:04","date_gmt":"2022-11-14T14:16:04","guid":{"rendered":"https:\/\/www.solar-generator.tech\/?page_id=5"},"modified":"2022-11-26T13:57:49","modified_gmt":"2022-11-26T13:57:49","slug":"la-reference-sur-le-generateur-solaire","status":"publish","type":"page","link":"https:\/\/www.solar-generator.tech\/en\/","title":{"rendered":"The reference about solar generator"},"content":{"rendered":"<div class=\"wp-block-columns is-layout-flex wp-container-core-columns-is-layout-9d6595d7 wp-block-columns-is-layout-flex\">\n<div class=\"wp-block-column is-layout-flow wp-block-column-is-layout-flow\" style=\"flex-basis:100%\">\n<p>A solar generator provides backup power for your home, camper or trailer, or allows you to work without direct access to electricity.&nbsp;<\/p>\n\n\n\n<p>If you are planning to use a solar generator as your power supply, make sure you learn how to choose the right one for your needs. That's what this site is all about.<\/p>\n\n\n\n<h2 class=\"wp-block-heading\">What is a solar generator?<\/h2>\n\n\n\n<p>The solar generator, or a solar power generator, is a concentrate of technology to be able to store electricity in order to reuse it immediately or later. It therefore contains a system to charge the included battery, and a second system to use this energy. The most advanced models provide standard electrical outlets, but also USB and cigarette lighter ports. For high-end models, a wireless charging option is available for compatible phones and tablets.<\/p>\n\n\n\n<h2 class=\"wp-block-heading\">In this case, it's a simple inverter?<\/h2>\n\n\n\n<p>Yes, and no !<\/p>\n\n\n\n<p>The fabrication of a solar generator is possible by buying and connecting together the different components. You will then need an inverter, a battery, a MPPT charger, but also all the associated cabling. The advantage of the solar generator is to combine all these elements in one, while having a support and a guarantee provided by the manufacturer. It also allows a much easier installation: it's plug-and-play.<\/p>\n\n\n\n<h2 class=\"wp-block-heading\">How to recharge a solar generator?<\/h2>\n\n\n\n<p>It is important to remember that a solar battery is limited in electrical capacity and that the recharging time is relatively long.\u00a0Since it can store a certain amount of energy, recharging it using a USB port or a cigarette lighter charger does not allow to recharge it. Indeed, the recharge time would be counted in days, even months. <\/p>\n\n\n\n<figure class=\"wp-block-image size-large is-style-default\"><img loading=\"lazy\" decoding=\"async\" width=\"1024\" height=\"640\" src=\"https:\/\/www.solar-generator.tech\/wp-content\/uploads\/2022\/11\/jackery-power-station-7-1024x640.jpg\" alt=\"Recharge a solar generator anywhere with a solar panel\" class=\"wp-image-114\" srcset=\"https:\/\/www.solar-generator.tech\/wp-content\/uploads\/2022\/11\/jackery-power-station-7-1024x640.jpg 1024w, https:\/\/www.solar-generator.tech\/wp-content\/uploads\/2022\/11\/jackery-power-station-7-300x188.jpg 300w, https:\/\/www.solar-generator.tech\/wp-content\/uploads\/2022\/11\/jackery-power-station-7-768x480.jpg 768w, https:\/\/www.solar-generator.tech\/wp-content\/uploads\/2022\/11\/jackery-power-station-7-1536x960.jpg 1536w, https:\/\/www.solar-generator.tech\/wp-content\/uploads\/2022\/11\/jackery-power-station-7-2048x1280.jpg 2048w, https:\/\/www.solar-generator.tech\/wp-content\/uploads\/2022\/11\/jackery-power-station-7-18x12.jpg 18w\" sizes=\"auto, (max-width: 1024px) 100vw, 1024px\" \/><figcaption class=\"wp-element-caption\">Recharge a solar generator anywhere with a solar panel<\/figcaption><\/figure>\n\n\n\n<p>The only consistent methods for recharging a solar generator is therefore : <\/p>\n\n\n\n<ul class=\"wp-block-list\">\n<li>to use either one or more solar panels. This is the most commonly used off-grid method. It allows you to have access to electrical energy directly, from anywhere, by simply connecting your equipment to the solar generator.<\/li>\n\n\n\n<li>or to connect the solar generator to the mains to benefit from the power supply. Here, it will serve as a (trans)portable battery to use your tools in a place where electricity is not readily available.<\/li>\n<\/ul>\n<\/div>\n<\/div>","protected":false},"excerpt":{"rendered":"<p>Un g\u00e9n\u00e9rateur solaire fournit une alimentation de secours pour votre maison, votre camping-car ou votre caravane, ou bien vous permet de travailler sans avoir un acc\u00e8s direct \u00e0 l&rsquo;\u00e9lectricit\u00e9.&nbsp; Si vous pr\u00e9voyez d&rsquo;utiliser un g\u00e9n\u00e9rateur solaire comme alimentation \u00e9lectrique, assurez-vous d&rsquo;apprendre \u00e0 choisir le bon, adapt\u00e9 pour vos besoins. C&rsquo;est la raison d&rsquo;\u00eatre de ce &#8230; <a title=\"The reference about solar generator\" class=\"read-more\" href=\"https:\/\/www.solar-generator.tech\/en\/\" aria-label=\"More on La r\u00e9f\u00e9rence sur le g\u00e9n\u00e9rateur solaire\">Read more<\/a><\/p>","protected":false},"author":3,"featured_media":0,"parent":0,"menu_order":0,"comment_status":"closed","ping_status":"closed","template":"","meta":{"footnotes":""},"class_list":["post-5","page","type-page","status-publish"],"yoast_head":"<!-- This site is optimized with the Yoast SEO plugin v23.4 - https:\/\/yoast.com\/wordpress\/plugins\/seo\/ -->\n<title>La r\u00e9f\u00e9rence sur le g\u00e9n\u00e9rateur solaire - Solar Generator<\/title>\n<meta name=\"description\" content=\"Si vous pr\u00e9voyez d&#039;utiliser un g\u00e9n\u00e9rateur solaire, assurez-vous d&#039;apprendre \u00e0 en choisir un adapt\u00e9 \u00e0 vos besoins\" \/>\n<meta name=\"robots\" content=\"index, follow, max-snippet:-1, max-image-preview:large, max-video-preview:-1\" \/>\n<link rel=\"canonical\" href=\"https:\/\/www.solar-generator.tech\/en\/\" \/>\n<meta property=\"og:locale\" content=\"en_US\" \/>\n<meta property=\"og:type\" content=\"article\" \/>\n<meta property=\"og:title\" content=\"La r\u00e9f\u00e9rence sur le g\u00e9n\u00e9rateur solaire - Solar Generator\" \/>\n<meta property=\"og:description\" content=\"Si vous pr\u00e9voyez d&#039;utiliser un g\u00e9n\u00e9rateur solaire, assurez-vous d&#039;apprendre \u00e0 en choisir un adapt\u00e9 \u00e0 vos besoins\" \/>\n<meta property=\"og:url\" content=\"https:\/\/www.solar-generator.tech\/en\/\" \/>\n<meta property=\"og:site_name\" content=\"Solar Generator\" \/>\n<meta property=\"article:modified_time\" content=\"2022-11-26T13:57:49+00:00\" \/>\n<meta property=\"og:image\" content=\"https:\/\/www.solar-generator.tech\/wp-content\/uploads\/2022\/11\/jackery-power-station-7-1024x640.jpg\" \/>\n<meta name=\"twitter:card\" content=\"summary_large_image\" \/>\n<meta name=\"twitter:label1\" content=\"Est. reading time\" \/>\n\t<meta name=\"twitter:data1\" content=\"3 minutes\" \/>\n<script type=\"application\/ld+json\" class=\"yoast-schema-graph\">{\"@context\":\"https:\/\/schema.org\",\"@graph\":[{\"@type\":\"WebPage\",\"@id\":\"https:\/\/www.solar-generator.tech\/\",\"url\":\"https:\/\/www.solar-generator.tech\/\",\"name\":\"La r\u00e9f\u00e9rence sur le g\u00e9n\u00e9rateur solaire - Solar Generator\",\"isPartOf\":{\"@id\":\"http:\/\/www.solar-generator.tech\/fr\/#website\"},\"primaryImageOfPage\":{\"@id\":\"https:\/\/www.solar-generator.tech\/#primaryimage\"},\"image\":{\"@id\":\"https:\/\/www.solar-generator.tech\/#primaryimage\"},\"thumbnailUrl\":\"https:\/\/www.solar-generator.tech\/wp-content\/uploads\/2022\/11\/jackery-power-station-7-1024x640.jpg\",\"datePublished\":\"2022-11-14T14:16:04+00:00\",\"dateModified\":\"2022-11-26T13:57:49+00:00\",\"description\":\"Si vous pr\u00e9voyez d'utiliser un g\u00e9n\u00e9rateur solaire, assurez-vous d'apprendre \u00e0 en choisir un adapt\u00e9 \u00e0 vos besoins\",\"breadcrumb\":{\"@id\":\"https:\/\/www.solar-generator.tech\/#breadcrumb\"},\"inLanguage\":\"en-US\",\"potentialAction\":[{\"@type\":\"ReadAction\",\"target\":[\"https:\/\/www.solar-generator.tech\/\"]}]},{\"@type\":\"ImageObject\",\"inLanguage\":\"en-US\",\"@id\":\"https:\/\/www.solar-generator.tech\/#primaryimage\",\"url\":\"https:\/\/www.solar-generator.tech\/wp-content\/uploads\/2022\/11\/jackery-power-station-7-1024x640.jpg\",\"contentUrl\":\"https:\/\/www.solar-generator.tech\/wp-content\/uploads\/2022\/11\/jackery-power-station-7-1024x640.jpg\"},{\"@type\":\"BreadcrumbList\",\"@id\":\"https:\/\/www.solar-generator.tech\/#breadcrumb\",\"itemListElement\":[{\"@type\":\"ListItem\",\"position\":1,\"name\":\"Accueil\",\"item\":\"https:\/\/www.solar-generator.tech\/\"},{\"@type\":\"ListItem\",\"position\":2,\"name\":\"La r\u00e9f\u00e9rence sur le g\u00e9n\u00e9rateur solaire\"}]},{\"@type\":\"WebSite\",\"@id\":\"http:\/\/www.solar-generator.tech\/fr\/#website\",\"url\":\"http:\/\/www.solar-generator.tech\/fr\/\",\"name\":\"Solar Generator\",\"description\":\"La r\u00e9f\u00e9rence sur le g\u00e9n\u00e9rateur solaire\",\"publisher\":{\"@id\":\"http:\/\/www.solar-generator.tech\/fr\/#organization\"},\"potentialAction\":[{\"@type\":\"SearchAction\",\"target\":{\"@type\":\"EntryPoint\",\"urlTemplate\":\"http:\/\/www.solar-generator.tech\/fr\/?s={search_term_string}\"},\"query-input\":{\"@type\":\"PropertyValueSpecification\",\"valueRequired\":true,\"valueName\":\"search_term_string\"}}],\"inLanguage\":\"en-US\"},{\"@type\":\"Organization\",\"@id\":\"http:\/\/www.solar-generator.tech\/fr\/#organization\",\"name\":\"Solar Generator\",\"url\":\"http:\/\/www.solar-generator.tech\/fr\/\",\"logo\":{\"@type\":\"ImageObject\",\"inLanguage\":\"en-US\",\"@id\":\"http:\/\/www.solar-generator.tech\/fr\/#\/schema\/logo\/image\/\",\"url\":\"https:\/\/www.solar-generator.tech\/wp-content\/uploads\/2022\/11\/favicon-1.png\",\"contentUrl\":\"https:\/\/www.solar-generator.tech\/wp-content\/uploads\/2022\/11\/favicon-1.png\",\"width\":81,\"height\":81,\"caption\":\"Solar Generator\"},\"image\":{\"@id\":\"http:\/\/www.solar-generator.tech\/fr\/#\/schema\/logo\/image\/\"}}]}<\/script>\n<!-- \/ Yoast SEO plugin. -->","yoast_head_json":{"title":"La r\u00e9f\u00e9rence sur le g\u00e9n\u00e9rateur solaire - Solar Generator","description":"Si vous pr\u00e9voyez d'utiliser un g\u00e9n\u00e9rateur solaire, assurez-vous d'apprendre \u00e0 en choisir un adapt\u00e9 \u00e0 vos besoins","robots":{"index":"index","follow":"follow","max-snippet":"max-snippet:-1","max-image-preview":"max-image-preview:large","max-video-preview":"max-video-preview:-1"},"canonical":"https:\/\/www.solar-generator.tech\/en\/","og_locale":"en_US","og_type":"article","og_title":"La r\u00e9f\u00e9rence sur le g\u00e9n\u00e9rateur solaire - Solar Generator","og_description":"Si vous pr\u00e9voyez d'utiliser un g\u00e9n\u00e9rateur solaire, assurez-vous d'apprendre \u00e0 en choisir un adapt\u00e9 \u00e0 vos besoins","og_url":"https:\/\/www.solar-generator.tech\/en\/","og_site_name":"Solar Generator","article_modified_time":"2022-11-26T13:57:49+00:00","og_image":[{"url":"https:\/\/www.solar-generator.tech\/wp-content\/uploads\/2022\/11\/jackery-power-station-7-1024x640.jpg"}],"twitter_card":"summary_large_image","twitter_misc":{"Est. reading time":"3 minutes"},"schema":{"@context":"https:\/\/schema.org","@graph":[{"@type":"WebPage","@id":"https:\/\/www.solar-generator.tech\/","url":"https:\/\/www.solar-generator.tech\/","name":"La r\u00e9f\u00e9rence sur le g\u00e9n\u00e9rateur solaire - Solar Generator","isPartOf":{"@id":"http:\/\/www.solar-generator.tech\/fr\/#website"},"primaryImageOfPage":{"@id":"https:\/\/www.solar-generator.tech\/#primaryimage"},"image":{"@id":"https:\/\/www.solar-generator.tech\/#primaryimage"},"thumbnailUrl":"https:\/\/www.solar-generator.tech\/wp-content\/uploads\/2022\/11\/jackery-power-station-7-1024x640.jpg","datePublished":"2022-11-14T14:16:04+00:00","dateModified":"2022-11-26T13:57:49+00:00","description":"Si vous pr\u00e9voyez d'utiliser un g\u00e9n\u00e9rateur solaire, assurez-vous d'apprendre \u00e0 en choisir un adapt\u00e9 \u00e0 vos besoins","breadcrumb":{"@id":"https:\/\/www.solar-generator.tech\/#breadcrumb"},"inLanguage":"en-US","potentialAction":[{"@type":"ReadAction","target":["https:\/\/www.solar-generator.tech\/"]}]},{"@type":"ImageObject","inLanguage":"en-US","@id":"https:\/\/www.solar-generator.tech\/#primaryimage","url":"https:\/\/www.solar-generator.tech\/wp-content\/uploads\/2022\/11\/jackery-power-station-7-1024x640.jpg","contentUrl":"https:\/\/www.solar-generator.tech\/wp-content\/uploads\/2022\/11\/jackery-power-station-7-1024x640.jpg"},{"@type":"BreadcrumbList","@id":"https:\/\/www.solar-generator.tech\/#breadcrumb","itemListElement":[{"@type":"ListItem","position":1,"name":"Accueil","item":"https:\/\/www.solar-generator.tech\/"},{"@type":"ListItem","position":2,"name":"La r\u00e9f\u00e9rence sur le g\u00e9n\u00e9rateur solaire"}]},{"@type":"WebSite","@id":"http:\/\/www.solar-generator.tech\/fr\/#website","url":"http:\/\/www.solar-generator.tech\/fr\/","name":"Solar Generator","description":"La r\u00e9f\u00e9rence sur le g\u00e9n\u00e9rateur solaire","publisher":{"@id":"http:\/\/www.solar-generator.tech\/fr\/#organization"},"potentialAction":[{"@type":"SearchAction","target":{"@type":"EntryPoint","urlTemplate":"http:\/\/www.solar-generator.tech\/fr\/?s={search_term_string}"},"query-input":{"@type":"PropertyValueSpecification","valueRequired":true,"valueName":"search_term_string"}}],"inLanguage":"en-US"},{"@type":"Organization","@id":"http:\/\/www.solar-generator.tech\/fr\/#organization","name":"Solar Generator","url":"http:\/\/www.solar-generator.tech\/fr\/","logo":{"@type":"ImageObject","inLanguage":"en-US","@id":"http:\/\/www.solar-generator.tech\/fr\/#\/schema\/logo\/image\/","url":"https:\/\/www.solar-generator.tech\/wp-content\/uploads\/2022\/11\/favicon-1.png","contentUrl":"https:\/\/www.solar-generator.tech\/wp-content\/uploads\/2022\/11\/favicon-1.png","width":81,"height":81,"caption":"Solar Generator"},"image":{"@id":"http:\/\/www.solar-generator.tech\/fr\/#\/schema\/logo\/image\/"}}]}},"_links":{"self":[{"href":"https:\/\/www.solar-generator.tech\/en\/wp-json\/wp\/v2\/pages\/5","targetHints":{"allow":["GET"]}}],"collection":[{"href":"https:\/\/www.solar-generator.tech\/en\/wp-json\/wp\/v2\/pages"}],"about":[{"href":"https:\/\/www.solar-generator.tech\/en\/wp-json\/wp\/v2\/types\/page"}],"author":[{"embeddable":true,"href":"https:\/\/www.solar-generator.tech\/en\/wp-json\/wp\/v2\/users\/3"}],"replies":[{"embeddable":true,"href":"https:\/\/www.solar-generator.tech\/en\/wp-json\/wp\/v2\/comments?post=5"}],"version-history":[{"count":5,"href":"https:\/\/www.solar-generator.tech\/en\/wp-json\/wp\/v2\/pages\/5\/revisions"}],"predecessor-version":[{"id":133,"href":"https:\/\/www.solar-generator.tech\/en\/wp-json\/wp\/v2\/pages\/5\/revisions\/133"}],"wp:attachment":[{"href":"https:\/\/www.solar-generator.tech\/en\/wp-json\/wp\/v2\/media?parent=5"}],"curies":[{"name":"wp","href":"https:\/\/api.w.org\/{rel}","templated":true}]}}